{"id":10,"date":"2023-09-27T00:23:14","date_gmt":"2023-09-26T22:23:14","guid":{"rendered":"https:\/\/grupothera.com\/?page_id=10"},"modified":"2024-09-09T18:37:38","modified_gmt":"2024-09-09T16:37:38","slug":"inicio","status":"publish","type":"page","link":"https:\/\/grupothera.com\/","title":{"rendered":"Inicio"},"content":{"rendered":"<p>[et_pb_section fb_built=\u00bb1&#8243; _builder_version=\u00bb4.22.1&#8243; _module_preset=\u00bbdefault\u00bb background_image=\u00bbhttps:\/\/grupothera.com\/wp-content\/uploads\/2023\/09\/grupo-thera-soluciones.jpg\u00bb height=\u00bb534px\u00bb global_colors_info=\u00bb{}\u00bb][et_pb_row _builder_version=\u00bb4.22.1&#8243; _module_preset=\u00bbdefault\u00bb global_colors_info=\u00bb{}\u00bb][et_pb_column type=\u00bb4_4&#8243; _builder_version=\u00bb4.22.1&#8243; _module_preset=\u00bbdefault\u00bb global_colors_info=\u00bb{}\u00bb][et_pb_heading title=\u00bbSoluciones para la industria\u00bb _builder_version=\u00bb4.22.2&#8243; _module_preset=\u00bbdefault\u00bb title_font=\u00bbCandal||||||||\u00bb title_text_align=\u00bbcenter\u00bb title_text_color=\u00bb#FFFFFF\u00bb title_font_size=\u00bb41px\u00bb custom_margin=\u00bb150px||||false|false\u00bb custom_margin_tablet=\u00bb150px||||false|false\u00bb custom_margin_phone=\u00bb80px||||false|false\u00bb custom_margin_last_edited=\u00bbon|desktop\u00bb animation_style=\u00bbslide\u00bb title_font_size_tablet=\u00bb41px\u00bb title_font_size_phone=\u00bb41px\u00bb title_font_size_last_edited=\u00bbon|phone\u00bb global_colors_info=\u00bb{}\u00bb][\/et_pb_heading][\/et_pb_column][\/et_pb_row][\/et_pb_section][et_pb_section fb_built=\u00bb1&#8243; _builder_version=\u00bb4.22.1&#8243; _module_preset=\u00bbdefault\u00bb global_colors_info=\u00bb{}\u00bb][et_pb_row column_structure=\u00bb1_2,1_2&#8243; _builder_version=\u00bb4.22.1&#8243; _module_preset=\u00bbdefault\u00bb global_colors_info=\u00bb{}\u00bb][et_pb_column type=\u00bb1_2&#8243; _builder_version=\u00bb4.22.1&#8243; _module_preset=\u00bbdefault\u00bb global_colors_info=\u00bb{}\u00bb][et_pb_heading title=\u00bbGrupo Thera\u00bb _builder_version=\u00bb4.22.1&#8243; _module_preset=\u00bbdefault\u00bb title_level=\u00bbh2&#8243; title_font=\u00bbAbel||||||||\u00bb title_text_align=\u00bbcenter\u00bb title_text_color=\u00bb#6B6B6B\u00bb title_font_size=\u00bb27px\u00bb global_colors_info=\u00bb{}\u00bb][\/et_pb_heading][et_pb_text _builder_version=\u00bb4.22.2&#8243; _module_preset=\u00bbdefault\u00bb text_font=\u00bbArial||||||||\u00bb text_text_color=\u00bb#6B6B6B\u00bb text_font_size=\u00bb16px\u00bb text_orientation=\u00bbcenter\u00bb text_font_size_tablet=\u00bb16px\u00bb text_font_size_phone=\u00bb13px\u00bb text_font_size_last_edited=\u00bbon|phone\u00bb global_colors_info=\u00bb{}\u00bb]<\/p>\n<p>Est\u00e1 formado por una amplio espectro de alianzas estrat\u00e9gicas con empresas con extensa experiencia en otorgar soluciones de amplio alcance con diferentes productos, servicios y especialidades, en todos ellos van nuestros valores de Compromiso, responsabilidad, respeto y Honestidad.<\/p>\n<p>[\/et_pb_text][\/et_pb_column][et_pb_column type=\u00bb1_2&#8243; _builder_version=\u00bb4.22.1&#8243; _module_preset=\u00bbdefault\u00bb global_colors_info=\u00bb{}\u00bb][et_pb_heading title=\u00bbSustentabilidad\u00bb _builder_version=\u00bb4.22.1&#8243; _module_preset=\u00bbdefault\u00bb title_level=\u00bbh2&#8243; title_font=\u00bbAbel||||||||\u00bb title_text_align=\u00bbcenter\u00bb title_text_color=\u00bb#6B6B6B\u00bb title_font_size=\u00bb27px\u00bb global_colors_info=\u00bb{}\u00bb][\/et_pb_heading][et_pb_text _builder_version=\u00bb4.22.2&#8243; _module_preset=\u00bbdefault\u00bb text_font=\u00bbArial||||||||\u00bb text_text_color=\u00bb#6B6B6B\u00bb text_font_size=\u00bb16px\u00bb text_orientation=\u00bbcenter\u00bb text_font_size_tablet=\u00bb16px\u00bb text_font_size_phone=\u00bb13px\u00bb text_font_size_last_edited=\u00bbon|phone\u00bb global_colors_info=\u00bb{}\u00bb]<\/p>\n<p>Encuadramos soluciones en el \u00e1rea econ\u00f3mica, ambiental y social<br \/>Tenemos un enfoque hol\u00edstico, un sistema y sus propiedades se analizan como un todo, de una manera global e integrada, ya que desde este punto de vista su funcionamiento s\u00f3lo se puede comprender de esta manera y no s\u00f3lo como la simple suma de sus partes.<\/p>\n<p>[\/et_pb_text][\/et_pb_column][\/et_pb_row][\/et_pb_section][et_pb_section fb_built=\u00bb1&#8243; _builder_version=\u00bb4.22.2&#8243; _module_preset=\u00bbdefault\u00bb custom_padding=\u00bb0px||0px||true|false\u00bb global_colors_info=\u00bb{}\u00bb][et_pb_row _builder_version=\u00bb4.22.1&#8243; _module_preset=\u00bbdefault\u00bb custom_padding=\u00bb1px|||||\u00bb global_colors_info=\u00bb{}\u00bb][et_pb_column type=\u00bb4_4&#8243; _builder_version=\u00bb4.22.1&#8243; _module_preset=\u00bbdefault\u00bb global_colors_info=\u00bb{}\u00bb][et_pb_heading title=\u00bbGrupo Thera est\u00e1 conformado por:\u00bb _builder_version=\u00bb4.22.1&#8243; _module_preset=\u00bbdefault\u00bb title_level=\u00bbh2&#8243; title_font=\u00bbAbel||||||||\u00bb title_text_align=\u00bbcenter\u00bb title_text_color=\u00bb#6B6B6B\u00bb title_font_size=\u00bb40px\u00bb custom_padding=\u00bb9px|||||\u00bb global_colors_info=\u00bb{}\u00bb][\/et_pb_heading][\/et_pb_column][\/et_pb_row][\/et_pb_section][et_pb_section fb_built=\u00bb1&#8243; _builder_version=\u00bb4.22.1&#8243; _module_preset=\u00bbdefault\u00bb custom_padding=\u00bb0px||0px||true|false\u00bb global_colors_info=\u00bb{}\u00bb][et_pb_row _builder_version=\u00bb4.22.2&#8243; _module_preset=\u00bbdefault\u00bb custom_padding=\u00bb0px||0px||true|false\u00bb global_colors_info=\u00bb{}\u00bb][et_pb_column type=\u00bb4_4&#8243; _builder_version=\u00bb4.22.2&#8243; _module_preset=\u00bbdefault\u00bb global_colors_info=\u00bb{}\u00bb][wdcl_logo_carousel animation_speed=\u00bb800ms\u00bb logo_width=\u00bb281px\u00bb slide_count_tablet=\u00bb\u00bb slide_count_phone=\u00bb1&#8243; slide_count_last_edited=\u00bbon|phone\u00bb _builder_version=\u00bb4.23.4&#8243; _module_preset=\u00bbdefault\u00bb hover_enabled=\u00bb0&#8243; global_colors_info=\u00bb{}\u00bb sticky_enabled=\u00bb0&#8243;][wdcl_logo_carousel_child logo=\u00bbhttps:\/\/grupothera.com\/wp-content\/uploads\/2023\/09\/PIA.jpg\u00bb _builder_version=\u00bb4.23.4&#8243; _module_preset=\u00bbdefault\u00bb link_option_url=\u00bbhttps:\/\/pia.com.mx\u00bb link_option_url_new_window=\u00bbon\u00bb hover_enabled=\u00bb0&#8243; global_colors_info=\u00bb{}\u00bb sticky_enabled=\u00bb0&#8243;][\/wdcl_logo_carousel_child][wdcl_logo_carousel_child logo=\u00bbhttps:\/\/grupothera.com\/wp-content\/uploads\/2023\/09\/WELFARE-ECOLOGIA-INDUSTRIAL.jpg\u00bb _builder_version=\u00bb4.23.4&#8243; _module_preset=\u00bbdefault\u00bb link_option_url=\u00bbhttps:\/\/welfare-ecologia.com.mx\u00bb link_option_url_new_window=\u00bbon\u00bb hover_enabled=\u00bb0&#8243; global_colors_info=\u00bb{}\u00bb sticky_enabled=\u00bb0&#8243;][\/wdcl_logo_carousel_child][wdcl_logo_carousel_child logo=\u00bbhttps:\/\/grupothera.com\/wp-content\/uploads\/2024\/09\/BET.jpg\u00bb _builder_version=\u00bb4.23.4&#8243; _module_preset=\u00bbdefault\u00bb link_option_url=\u00bbhttps:\/\/bet-on.com.mx\u00bb link_option_url_new_window=\u00bbon\u00bb hover_enabled=\u00bb0&#8243; global_colors_info=\u00bb{}\u00bb sticky_enabled=\u00bb0&#8243; alt=\u00bbequipos festo\u00bb title_text=\u00bbBET\u00bb][\/wdcl_logo_carousel_child][wdcl_logo_carousel_child logo=\u00bbhttps:\/\/grupothera.com\/wp-content\/uploads\/2023\/09\/grupo-thera.jpg\u00bb _builder_version=\u00bb4.22.2&#8243; _module_preset=\u00bbdefault\u00bb global_colors_info=\u00bb{}\u00bb][\/wdcl_logo_carousel_child][\/wdcl_logo_carousel][\/et_pb_column][\/et_pb_row][\/et_pb_section]<\/p>\n","protected":false},"excerpt":{"rendered":"<p>Est\u00e1 formado por una amplio espectro de alianzas estrat\u00e9gicas con empresas con extensa experiencia en otorgar soluciones de amplio alcance con diferentes productos, servicios y especialidades, en todos ellos van nuestros valores de Compromiso, responsabilidad, respeto y Honestidad.Encuadramos soluciones en el \u00e1rea econ\u00f3mica, ambiental y socialTenemos un enfoque hol\u00edstico, un sistema y sus propiedades se [&hellip;]<\/p>\n","protected":false},"author":1,"featured_media":0,"parent":0,"menu_order":0,"comment_status":"closed","ping_status":"closed","template":"","meta":{"_et_pb_use_builder":"on","_et_pb_old_content":"","_et_gb_content_width":"","footnotes":""},"class_list":["post-10","page","type-page","status-publish","hentry"],"aioseo_notices":[],"_links":{"self":[{"href":"https:\/\/grupothera.com\/index.php\/wp-json\/wp\/v2\/pages\/10","targetHints":{"allow":["GET"]}}],"collection":[{"href":"https:\/\/grupothera.com\/index.php\/wp-json\/wp\/v2\/pages"}],"about":[{"href":"https:\/\/grupothera.com\/index.php\/wp-json\/wp\/v2\/types\/page"}],"author":[{"embeddable":true,"href":"https:\/\/grupothera.com\/index.php\/wp-json\/wp\/v2\/users\/1"}],"replies":[{"embeddable":true,"href":"https:\/\/grupothera.com\/index.php\/wp-json\/wp\/v2\/comments?post=10"}],"version-history":[{"count":21,"href":"https:\/\/grupothera.com\/index.php\/wp-json\/wp\/v2\/pages\/10\/revisions"}],"predecessor-version":[{"id":219,"href":"https:\/\/grupothera.com\/index.php\/wp-json\/wp\/v2\/pages\/10\/revisions\/219"}],"wp:attachment":[{"href":"https:\/\/grupothera.com\/index.php\/wp-json\/wp\/v2\/media?parent=10"}],"curies":[{"name":"wp","href":"https:\/\/api.w.org\/{rel}","templated":true}]}}