{"id":64,"date":"2023-09-27T03:16:56","date_gmt":"2023-09-27T01:16:56","guid":{"rendered":"https:\/\/grupothera.com\/?page_id=64"},"modified":"2023-09-27T18:51:01","modified_gmt":"2023-09-27T16:51:01","slug":"areas","status":"publish","type":"page","link":"https:\/\/grupothera.com\/index.php\/areas\/","title":{"rendered":"\u00c1reas"},"content":{"rendered":"<p>[et_pb_section fb_built=\u00bb1&#8243; theme_builder_area=\u00bbpost_content\u00bb _builder_version=\u00bb4.22.2&#8243; _module_preset=\u00bbdefault\u00bb title_text=\u00bbenergia sustentable\u00bb background_image=\u00bbhttps:\/\/grupothera.com\/wp-content\/uploads\/2023\/09\/energia-sustentable.jpg\u00bb hover_enabled=\u00bb0&#8243; sticky_enabled=\u00bb0&#8243; custom_padding=\u00bb||327px|||\u00bb filter_brightness=\u00bb73%\u00bb][et_pb_row _builder_version=\u00bb4.22.2&#8243; _module_preset=\u00bbdefault\u00bb theme_builder_area=\u00bbpost_content\u00bb][et_pb_column _builder_version=\u00bb4.22.2&#8243; _module_preset=\u00bbdefault\u00bb type=\u00bb4_4&#8243; theme_builder_area=\u00bbpost_content\u00bb][et_pb_heading title=\u00bbNuestras \u00e1reas\u00bb _builder_version=\u00bb4.22.2&#8243; _module_preset=\u00bbdefault\u00bb theme_builder_area=\u00bbpost_content\u00bb title_level=\u00bbh2&#8243; title_font=\u00bbAbel|700|||||||\u00bb title_text_color=\u00bb#000000&#8243; title_text_align=\u00bbcenter\u00bb title_font_size=\u00bb46px\u00bb hover_enabled=\u00bb0&#8243; sticky_enabled=\u00bb0&#8243;][\/et_pb_heading][\/et_pb_column][\/et_pb_row][\/et_pb_section][et_pb_section fb_built=\u00bb1&#8243; theme_builder_area=\u00bbpost_content\u00bb _builder_version=\u00bb4.22.2&#8243; _module_preset=\u00bbdefault\u00bb min_height=\u00bb212px\u00bb][et_pb_row _builder_version=\u00bb4.22.2&#8243; _module_preset=\u00bbdefault\u00bb theme_builder_area=\u00bbpost_content\u00bb column_structure=\u00bb1_3,1_3,1_3&#8243;][et_pb_column _builder_version=\u00bb4.22.2&#8243; _module_preset=\u00bbdefault\u00bb type=\u00bb1_3&#8243; theme_builder_area=\u00bbpost_content\u00bb][et_pb_blurb title=\u00bbEnerg\u00eda\u00bb _builder_version=\u00bb4.22.2&#8243; _module_preset=\u00bbdefault\u00bb theme_builder_area=\u00bbpost_content\u00bb use_icon=\u00bbon\u00bb font_icon=\u00bb&#xf5ba;||fa||900&#8243; icon_color=\u00bb#6B6B6B\u00bb image_icon_width=\u00bb60px\u00bb hover_enabled=\u00bb0&#8243; sticky_enabled=\u00bb0&#8243; header_level=\u00bbh3&#8243; header_font=\u00bbAbel|700|||||||\u00bb header_text_color=\u00bb#6B6B6B\u00bb header_font_size=\u00bb32px\u00bb header_text_align=\u00bbcenter\u00bb body_font_size_last_edited=\u00bbon|phone\u00bb body_font_size_phone=\u00bb10px\u00bb]<\/p>\n<p>Generamos alianzas estrat\u00e9gicas para la soluci\u00f3n a problemas energ\u00e9ticos, con proyectos de sustituci\u00f3n de equipos eficientes, que produzcan ahorros importantes en los costos energ\u00e9ticos, viables econ\u00f3micamente y sustentables.<\/p>\n<p>\u00b0Proyectos con turbinas de generaci\u00f3n el\u00e9ctrica, Calderas eficientes, Generadores de vapor.<br \/>\u00b0Celdas Solares, celdas fotovoltaicas.<br \/>\u00b0Estudios den eficiencia energ\u00e9tica, Luminarias, motores y cargas inductivas<br \/>\u00b0Ahorro energ\u00e9tico<br \/>\u00b0Disminuci\u00f3n de emisiones de CO2 y gases efecto invernadero.<\/p>\n<p>[\/et_pb_blurb][\/et_pb_column][et_pb_column _builder_version=\u00bb4.22.2&#8243; _module_preset=\u00bbdefault\u00bb type=\u00bb1_3&#8243; theme_builder_area=\u00bbpost_content\u00bb][et_pb_blurb title=\u00bbMedio ambiente\u00bb _builder_version=\u00bb4.22.2&#8243; _module_preset=\u00bbdefault\u00bb theme_builder_area=\u00bbpost_content\u00bb use_icon=\u00bbon\u00bb font_icon=\u00bb&#xf18c;||fa||400&#8243; icon_color=\u00bb#6B6B6B\u00bb image_icon_width=\u00bb60px\u00bb hover_enabled=\u00bb0&#8243; sticky_enabled=\u00bb0&#8243; header_level=\u00bbh3&#8243; header_font=\u00bbAbel|700|||||||\u00bb header_text_color=\u00bb#6B6B6B\u00bb header_font_size=\u00bb32px\u00bb header_text_align=\u00bbcenter\u00bb body_font_size_last_edited=\u00bbon|phone\u00bb body_font_size_phone=\u00bb10px\u00bb]<\/p>\n<p>En otro de nuestros ejes, estamos integrados en la cadena se soluciones ambientales, desde la medici\u00f3n, calculo, diagnostico, reducci\u00f3n y control de los diferentes procesos que impactan al medio ambiente.<br \/>Contamos con laboratorios acreditados para la evaluaci\u00f3n de las condiciones ambientales y el complimiento normativo vigente.<br \/>Generamos soluciones con la implementaci\u00f3n de sistemas de control.<br \/>Aplicaciones en la industria de generaci\u00f3n de energ\u00eda el\u00e9ctrica, Petroqu\u00edmica, Qu\u00edmica, Cementera, Alimentos y bebidas.<br \/>\u00b0Equipos de control de emisiones a la atmosfera<br \/>Pst, pm10, SO2, SO3, NOx, HCl, VOC\u2019s, Hg\u2026<br \/>\u00b0Tratamiento de aguas residuales, industriales y municipales<br \/>DQO, DBO, SST, Metales, \u2026.<br \/>\u00b0Equipos de monitoreo continuo de emisiones CEM\u2019s<\/p>\n<p>[\/et_pb_blurb][\/et_pb_column][et_pb_column _builder_version=\u00bb4.22.2&#8243; _module_preset=\u00bbdefault\u00bb type=\u00bb1_3&#8243; theme_builder_area=\u00bbpost_content\u00bb][et_pb_blurb title=\u00bbManufactura y Procesos\u00bb _builder_version=\u00bb4.22.2&#8243; _module_preset=\u00bbdefault\u00bb theme_builder_area=\u00bbpost_content\u00bb use_icon=\u00bbon\u00bb font_icon=\u00bb&#xf275;||fa||900&#8243; icon_color=\u00bb#6B6B6B\u00bb image_icon_width=\u00bb60px\u00bb hover_enabled=\u00bb0&#8243; sticky_enabled=\u00bb0&#8243; header_level=\u00bbh3&#8243; header_font=\u00bbAbel|700|||||||\u00bb header_text_color=\u00bb#6B6B6B\u00bb header_font_size=\u00bb32px\u00bb header_text_align=\u00bbcenter\u00bb body_font_size_last_edited=\u00bbon|phone\u00bb body_font_size_phone=\u00bb10px\u00bb]<\/p>\n<p>En el eje de manufactura y producci\u00f3n generamos soluciones en automatizaci\u00f3n y mejoras en las l\u00edneas de producci\u00f3n, con amplia experiencia en soluciones en seguridad industrial, neum\u00e1tica, rob\u00f3tica, log\u00edstica, identificaci\u00f3n\u2026<\/p>\n<p>&nbsp;<\/p>\n<p>\u00b0Automatizaci\u00f3n e Instrumentaci\u00f3n<\/p>\n<p>[\/et_pb_blurb][\/et_pb_column][\/et_pb_row][\/et_pb_section]<\/p>\n","protected":false},"excerpt":{"rendered":"<p>Generamos alianzas estrat\u00e9gicas para la soluci\u00f3n a problemas energ\u00e9ticos, con proyectos de sustituci\u00f3n de equipos eficientes, que produzcan ahorros importantes en los costos energ\u00e9ticos, viables econ\u00f3micamente y sustentables. \u00b0Proyectos con turbinas de generaci\u00f3n el\u00e9ctrica, Calderas eficientes, Generadores de vapor.\u00b0Celdas Solares, celdas fotovoltaicas.\u00b0Estudios den eficiencia energ\u00e9tica, Luminarias, motores y cargas inductivas\u00b0Ahorro energ\u00e9tico\u00b0Disminuci\u00f3n de emisiones de CO2 [&hellip;]<\/p>\n","protected":false},"author":1,"featured_media":0,"parent":0,"menu_order":0,"comment_status":"closed","ping_status":"closed","template":"","meta":{"_et_pb_use_builder":"on","_et_pb_old_content":"<!-- wp:divi\/placeholder \/-->","_et_gb_content_width":"","footnotes":""},"class_list":["post-64","page","type-page","status-publish","hentry"],"aioseo_notices":[],"_links":{"self":[{"href":"https:\/\/grupothera.com\/index.php\/wp-json\/wp\/v2\/pages\/64","targetHints":{"allow":["GET"]}}],"collection":[{"href":"https:\/\/grupothera.com\/index.php\/wp-json\/wp\/v2\/pages"}],"about":[{"href":"https:\/\/grupothera.com\/index.php\/wp-json\/wp\/v2\/types\/page"}],"author":[{"embeddable":true,"href":"https:\/\/grupothera.com\/index.php\/wp-json\/wp\/v2\/users\/1"}],"replies":[{"embeddable":true,"href":"https:\/\/grupothera.com\/index.php\/wp-json\/wp\/v2\/comments?post=64"}],"version-history":[{"count":5,"href":"https:\/\/grupothera.com\/index.php\/wp-json\/wp\/v2\/pages\/64\/revisions"}],"predecessor-version":[{"id":111,"href":"https:\/\/grupothera.com\/index.php\/wp-json\/wp\/v2\/pages\/64\/revisions\/111"}],"wp:attachment":[{"href":"https:\/\/grupothera.com\/index.php\/wp-json\/wp\/v2\/media?parent=64"}],"curies":[{"name":"wp","href":"https:\/\/api.w.org\/{rel}","templated":true}]}}