{"id":66,"date":"2023-09-27T03:17:34","date_gmt":"2023-09-27T01:17:34","guid":{"rendered":"https:\/\/grupothera.com\/?page_id=66"},"modified":"2023-09-27T20:04:44","modified_gmt":"2023-09-27T18:04:44","slug":"productos","status":"publish","type":"page","link":"https:\/\/grupothera.com\/index.php\/productos\/","title":{"rendered":"Productos"},"content":{"rendered":"<p>[et_pb_section fb_built=\u00bb1&#8243; _builder_version=\u00bb4.22.2&#8243; _module_preset=\u00bbdefault\u00bb background_image=\u00bbhttps:\/\/grupothera.com\/wp-content\/uploads\/2023\/09\/productos.png\u00bb height=\u00bb470px\u00bb global_colors_info=\u00bb{}\u00bb][et_pb_row _builder_version=\u00bb4.22.2&#8243; _module_preset=\u00bbdefault\u00bb global_colors_info=\u00bb{}\u00bb][et_pb_column type=\u00bb4_4&#8243; _builder_version=\u00bb4.22.2&#8243; _module_preset=\u00bbdefault\u00bb global_colors_info=\u00bb{}\u00bb][et_pb_heading title=\u00bbLos productos que ofrecemos\u00bb _builder_version=\u00bb4.22.2&#8243; _module_preset=\u00bbdefault\u00bb title_level=\u00bbh2&#8243; title_font=\u00bbAbel|700|||||||\u00bb title_text_align=\u00bbcenter\u00bb title_text_color=\u00bb#FFFFFF\u00bb title_font_size=\u00bb35px\u00bb animation_style=\u00bbslide\u00bb global_colors_info=\u00bb{}\u00bb][\/et_pb_heading][\/et_pb_column][\/et_pb_row][\/et_pb_section][et_pb_section fb_built=\u00bb1&#8243; _builder_version=\u00bb4.22.2&#8243; _module_preset=\u00bbdefault\u00bb global_colors_info=\u00bb{}\u00bb][et_pb_row column_structure=\u00bb1_3,1_3,1_3&#8243; _builder_version=\u00bb4.22.2&#8243; _module_preset=\u00bbdefault\u00bb global_colors_info=\u00bb{}\u00bb][et_pb_column type=\u00bb1_3&#8243; _builder_version=\u00bb4.22.2&#8243; _module_preset=\u00bbdefault\u00bb global_colors_info=\u00bb{}\u00bb][et_pb_blurb title=\u00bbAnalizadores\u00bb url=\u00bbhttps:\/\/horiba.com.mx\u00bb url_new_window=\u00bbon\u00bb image=\u00bbhttps:\/\/grupothera.com\/wp-content\/uploads\/2023\/09\/HORIBA.jpg\u00bb image_icon_width=\u00bb45%\u00bb _builder_version=\u00bb4.22.2&#8243; _module_preset=\u00bbdefault\u00bb header_level=\u00bbh3&#8243; header_font=\u00bbAbel|700|||||||\u00bb header_text_align=\u00bbcenter\u00bb body_font_size_tablet=\u00bb\u00bb body_font_size_phone=\u00bb10px\u00bb body_font_size_last_edited=\u00bbon|phone\u00bb global_colors_info=\u00bb{}\u00bb]<\/p>\n<p>Espec\u00edficamente HORIBA M\u00e9xico tenemos una oferta plenamente integrada desde los equipos de an\u00e1lisis que son de alt\u00edsima calidad, servicios de calibraci\u00f3n, acreditadas por EMA ISO 17025 servicios de mantenimiento, certificaciones, capacitaci\u00f3n y puesta en marcha con esto satisfacemos la necesidad de medir la cantidad de emisiones que se vierten al medio ambiente, para evitar que las empresas y las industrias contaminen el medio ambiente de forma indiscriminada haciendo verificando con esto que se apeguen a los limites implementados por las normas nacionales e internacionales.<\/p>\n<p>[\/et_pb_blurb][\/et_pb_column][et_pb_column type=\u00bb1_3&#8243; _builder_version=\u00bb4.22.2&#8243; _module_preset=\u00bbdefault\u00bb global_colors_info=\u00bb{}\u00bb][et_pb_blurb title=\u00bbReducci\u00f3n de Energ\u00eda\u00bb url=\u00bbhttps:\/\/horiba.com.mx\u00bb url_new_window=\u00bbon\u00bb image=\u00bbhttps:\/\/grupothera.com\/wp-content\/uploads\/2023\/09\/DIGITAL-LUMENS.jpg\u00bb image_icon_width=\u00bb41%\u00bb _builder_version=\u00bb4.22.2&#8243; _module_preset=\u00bbdefault\u00bb header_level=\u00bbh3&#8243; header_font=\u00bbAbel|700|||||||\u00bb header_text_align=\u00bbcenter\u00bb image_icon_custom_margin=\u00bb-26px||||false|false\u00bb body_font_size_tablet=\u00bb\u00bb body_font_size_phone=\u00bb10px\u00bb body_font_size_last_edited=\u00bbon|phone\u00bb global_colors_info=\u00bb{}\u00bb]<\/p>\n<p>Ayudamos a su empresa a cumplir con sus iniciativas ambientales, sociales y de gobernanza (ESG) y de sostenibilidad. Lo ayudamos a reducir el uso de energ\u00eda mediante la implementaci\u00f3n de iluminaci\u00f3n LED inteligente, la medici\u00f3n de servicios p\u00fablicos, el monitoreo de todas sus instalaciones y la observaci\u00f3n de \u00e1reas cr\u00edticas. Y con los conocimientos que brindamos, su empresa puede monitorear y rastrear los est\u00e1ndares de salud ambiental y las condiciones del lugar de trabajo cruciales para la seguridad de los trabajadores, incluida la intensidad del sonido, el conteo de part\u00edculas en el aire, la temperatura y m\u00e1s.<\/p>\n<p>[\/et_pb_blurb][\/et_pb_column][et_pb_column type=\u00bb1_3&#8243; _builder_version=\u00bb4.22.2&#8243; _module_preset=\u00bbdefault\u00bb global_colors_info=\u00bb{}\u00bb][et_pb_blurb title=\u00bbSuministro de energ\u00eda\u00bb url=\u00bbhttps:\/\/horiba.com.mx\u00bb url_new_window=\u00bbon\u00bb image=\u00bbhttps:\/\/grupothera.com\/wp-content\/uploads\/2023\/09\/KRAFT-POWERCON.jpg\u00bb image_icon_width=\u00bb45%\u00bb _builder_version=\u00bb4.22.2&#8243; _module_preset=\u00bbdefault\u00bb header_level=\u00bbh3&#8243; header_font=\u00bbAbel|700|||||||\u00bb header_text_align=\u00bbcenter\u00bb image_icon_custom_margin=\u00bb-34px||||false|false\u00bb body_font_size_tablet=\u00bb\u00bb body_font_size_phone=\u00bb10px\u00bb body_font_size_last_edited=\u00bbon|phone\u00bb global_colors_info=\u00bb{}\u00bb]<\/p>\n<p>KraftPowercon ofrece soluciones, productos, servicios\u2013y promueve la innovaci\u00f3n\u2013en el \u00e1mbito del suministro de energ\u00eda industrial. Creamos valor para clientes al asegurar procesos eficientes, confiables, ecol\u00f3gicos y rentables que satisfagan las demandas presentes y futuras.<\/p>\n<p>[\/et_pb_blurb][\/et_pb_column][\/et_pb_row][et_pb_row column_structure=\u00bb1_3,1_3,1_3&#8243; _builder_version=\u00bb4.22.2&#8243; _module_preset=\u00bbdefault\u00bb global_colors_info=\u00bb{}\u00bb][et_pb_column type=\u00bb1_3&#8243; _builder_version=\u00bb4.22.2&#8243; _module_preset=\u00bbdefault\u00bb global_colors_info=\u00bb{}\u00bb][et_pb_blurb title=\u00bbInstrumentaci\u00f3n\u00bb url=\u00bbhttps:\/\/horiba.com.mx\u00bb url_new_window=\u00bbon\u00bb image=\u00bbhttps:\/\/grupothera.com\/wp-content\/uploads\/2023\/09\/SCENTROID.jpg\u00bb image_icon_width=\u00bb45%\u00bb _builder_version=\u00bb4.22.2&#8243; _module_preset=\u00bbdefault\u00bb header_level=\u00bbh3&#8243; header_font=\u00bbAbel|700|||||||\u00bb header_text_align=\u00bbcenter\u00bb hover_enabled=\u00bb0&#8243; body_font_size_tablet=\u00bb\u00bb body_font_size_phone=\u00bb10px\u00bb body_font_size_last_edited=\u00bbon|phone\u00bb global_colors_info=\u00bb{}\u00bb title_text=\u00bbSCENTROID\u00bb sticky_enabled=\u00bb0&#8243;]<\/p>\n<p>Con d\u00e9cadas de experiencia en el desarrollo de instrumentaci\u00f3n y servicios de monitoreo de olores y calidad del aire de \u00faltima generaci\u00f3n para diversas industrias, llevamos tecnolog\u00edas y pr\u00e1cticas innovadoras al campo.<\/p>\n<p>[\/et_pb_blurb][\/et_pb_column][et_pb_column type=\u00bb1_3&#8243; _builder_version=\u00bb4.22.2&#8243; _module_preset=\u00bbdefault\u00bb global_colors_info=\u00bb{}\u00bb][et_pb_blurb title=\u00bbAn\u00e1lisis de gases\u00bb url=\u00bbhttps:\/\/horiba.com.mx\u00bb url_new_window=\u00bbon\u00bb image=\u00bbhttps:\/\/grupothera.com\/wp-content\/uploads\/2023\/09\/CROMATOTEC.jpg\u00bb image_icon_width=\u00bb41%\u00bb _builder_version=\u00bb4.22.2&#8243; _module_preset=\u00bbdefault\u00bb header_level=\u00bbh3&#8243; header_font=\u00bbAbel|700|||||||\u00bb header_text_align=\u00bbcenter\u00bb image_icon_custom_margin=\u00bb0px||0px||true|false\u00bb hover_enabled=\u00bb0&#8243; body_font_size_tablet=\u00bb\u00bb body_font_size_phone=\u00bb10px\u00bb body_font_size_last_edited=\u00bbon|phone\u00bb global_colors_info=\u00bb{}\u00bb title_text=\u00bbCROMATOTEC\u00bb sticky_enabled=\u00bb0&#8243;]<\/p>\n<p>Conocido mundialmente por su tecnolog\u00eda de punta, nuestro grupo ofrece sistemas de an\u00e1lisis de gases con computadoras integradas y su propio software desarrollado, Vistachrom, para pilotar estos analizadores de procesos.<\/p>\n<p>[\/et_pb_blurb][\/et_pb_column][et_pb_column type=\u00bb1_3&#8243; _builder_version=\u00bb4.22.2&#8243; _module_preset=\u00bbdefault\u00bb global_colors_info=\u00bb{}\u00bb][et_pb_blurb title=\u00bbSuministro de energ\u00eda\u00bb url=\u00bbhttps:\/\/horiba.com.mx\u00bb url_new_window=\u00bbon\u00bb image=\u00bbhttps:\/\/grupothera.com\/wp-content\/uploads\/2023\/09\/AAF.jpg\u00bb image_icon_width=\u00bb37%\u00bb _builder_version=\u00bb4.22.2&#8243; _module_preset=\u00bbdefault\u00bb header_level=\u00bbh3&#8243; header_font=\u00bbAbel|700|||||||\u00bb header_text_align=\u00bbcenter\u00bb image_icon_custom_margin=\u00bb-8px||||false|false\u00bb hover_enabled=\u00bb0&#8243; body_font_size_tablet=\u00bb\u00bb body_font_size_phone=\u00bb10px\u00bb body_font_size_last_edited=\u00bbon|phone\u00bb global_colors_info=\u00bb{}\u00bb title_text=\u00bbAAF\u00bb sticky_enabled=\u00bb0&#8243; image_icon_custom_margin_last_edited=\u00bbon|phone\u00bb image_icon_custom_margin_tablet=\u00bb-8px||||false|false\u00bb image_icon_custom_margin_phone=\u00bb-8px||||false|false\u00bb]<\/p>\n<p>AAF posee la mayor capacidad de producci\u00f3n global integral dentro del sector de la filtraci\u00f3n de aire, con cada planta dise\u00f1ada espec\u00edficamente para fabricar y verificar las soluciones de calidad del aire m\u00e1s avanzadas, conforme a las normas internacionales de calidad y rendimiento aplicables. Nuestro objetivo es lograr la excelencia en cada producto que fabricamos.<\/p>\n<p>[\/et_pb_blurb][\/et_pb_column][\/et_pb_row][\/et_pb_section]<\/p>\n","protected":false},"excerpt":{"rendered":"<p>Espec\u00edficamente HORIBA M\u00e9xico tenemos una oferta plenamente integrada desde los equipos de an\u00e1lisis que son de alt\u00edsima calidad, servicios de calibraci\u00f3n, acreditadas por EMA ISO 17025 servicios de mantenimiento, certificaciones, capacitaci\u00f3n y puesta en marcha con esto satisfacemos la necesidad de medir la cantidad de emisiones que se vierten al medio ambiente, para evitar que [&hellip;]<\/p>\n","protected":false},"author":1,"featured_media":0,"parent":0,"menu_order":0,"comment_status":"closed","ping_status":"closed","template":"","meta":{"_et_pb_use_builder":"on","_et_pb_old_content":"<!-- wp:divi\/placeholder \/-->","_et_gb_content_width":"","footnotes":""},"class_list":["post-66","page","type-page","status-publish","hentry"],"aioseo_notices":[],"_links":{"self":[{"href":"https:\/\/grupothera.com\/index.php\/wp-json\/wp\/v2\/pages\/66","targetHints":{"allow":["GET"]}}],"collection":[{"href":"https:\/\/grupothera.com\/index.php\/wp-json\/wp\/v2\/pages"}],"about":[{"href":"https:\/\/grupothera.com\/index.php\/wp-json\/wp\/v2\/types\/page"}],"author":[{"embeddable":true,"href":"https:\/\/grupothera.com\/index.php\/wp-json\/wp\/v2\/users\/1"}],"replies":[{"embeddable":true,"href":"https:\/\/grupothera.com\/index.php\/wp-json\/wp\/v2\/comments?post=66"}],"version-history":[{"count":9,"href":"https:\/\/grupothera.com\/index.php\/wp-json\/wp\/v2\/pages\/66\/revisions"}],"predecessor-version":[{"id":130,"href":"https:\/\/grupothera.com\/index.php\/wp-json\/wp\/v2\/pages\/66\/revisions\/130"}],"wp:attachment":[{"href":"https:\/\/grupothera.com\/index.php\/wp-json\/wp\/v2\/media?parent=66"}],"curies":[{"name":"wp","href":"https:\/\/api.w.org\/{rel}","templated":true}]}}