{"id":71,"date":"2023-09-27T03:19:22","date_gmt":"2023-09-27T01:19:22","guid":{"rendered":"https:\/\/grupothera.com\/?page_id=71"},"modified":"2023-09-27T20:56:56","modified_gmt":"2023-09-27T18:56:56","slug":"sectores","status":"publish","type":"page","link":"https:\/\/grupothera.com\/index.php\/sectores\/","title":{"rendered":"Sectores"},"content":{"rendered":"<p>[et_pb_section fb_built=\u00bb1&#8243; theme_builder_area=\u00bbpost_content\u00bb _builder_version=\u00bb4.22.2&#8243; _module_preset=\u00bbdefault\u00bb title_text=\u00bbplnta de tratamiento de agua\u00bb background_image=\u00bbhttps:\/\/grupothera.com\/wp-content\/uploads\/2023\/09\/plnta-de-tratamiento-de-agua.jpg\u00bb custom_margin=\u00bb0px||||false|false\u00bb custom_padding=\u00bb178px||178px||true|false\u00bb background_color=\u00bbrgba(0,0,0,0.31)\u00bb hover_enabled=\u00bb0&#8243; sticky_enabled=\u00bb0&#8243;][et_pb_row _builder_version=\u00bb4.22.2&#8243; _module_preset=\u00bbdefault\u00bb theme_builder_area=\u00bbpost_content\u00bb][et_pb_column _builder_version=\u00bb4.22.2&#8243; _module_preset=\u00bbdefault\u00bb type=\u00bb4_4&#8243; theme_builder_area=\u00bbpost_content\u00bb][et_pb_heading title=\u00bbSectores que atendemos\u00bb _builder_version=\u00bb4.22.2&#8243; _module_preset=\u00bbdefault\u00bb theme_builder_area=\u00bbpost_content\u00bb title_level=\u00bbh2&#8243; title_font=\u00bbAbel|700|||||||\u00bb title_text_color=\u00bb#000000&#8243; title_text_align=\u00bbcenter\u00bb title_font_size=\u00bb37px\u00bb animation_style=\u00bbslide\u00bb hover_enabled=\u00bb0&#8243; sticky_enabled=\u00bb0&#8243;][\/et_pb_heading][\/et_pb_column][\/et_pb_row][\/et_pb_section][et_pb_section fb_built=\u00bb1&#8243; theme_builder_area=\u00bbpost_content\u00bb _builder_version=\u00bb4.22.2&#8243; _module_preset=\u00bbdefault\u00bb][et_pb_row _builder_version=\u00bb4.22.2&#8243; _module_preset=\u00bbdefault\u00bb theme_builder_area=\u00bbpost_content\u00bb column_structure=\u00bb1_2,1_2&#8243;][et_pb_column _builder_version=\u00bb4.22.2&#8243; _module_preset=\u00bbdefault\u00bb type=\u00bb1_2&#8243; theme_builder_area=\u00bbpost_content\u00bb][et_pb_blurb title=\u00bbMunicipal\u00bb _builder_version=\u00bb4.22.2&#8243; _module_preset=\u00bbdefault\u00bb theme_builder_area=\u00bbpost_content\u00bb header_level=\u00bbh3&#8243; header_font=\u00bbAbel|700|||||||\u00bb header_text_align=\u00bbcenter\u00bb use_icon=\u00bbon\u00bb font_icon=\u00bb&#xf64f;||fa||900&#8243; icon_color=\u00bb#6B6B6B\u00bb image_icon_width=\u00bb66px\u00bb hover_enabled=\u00bb0&#8243; sticky_enabled=\u00bb0&#8243; body_font_size_last_edited=\u00bbon|phone\u00bb body_font_size_phone=\u00bb10px\u00bb]<\/p>\n<p>\u2022Aplicaciones en residuos<br \/>\u2022Tratamiento de agua<br \/>\u2022Programas de reducci\u00f3n de contaminantes transporte publico<br \/>\u2022Monitoreo de calidad del aire<\/p>\n<p>[\/et_pb_blurb][\/et_pb_column][et_pb_column _builder_version=\u00bb4.22.2&#8243; _module_preset=\u00bbdefault\u00bb type=\u00bb1_2&#8243; theme_builder_area=\u00bbpost_content\u00bb][et_pb_blurb title=\u00bbIndustrial\u00bb _builder_version=\u00bb4.22.2&#8243; _module_preset=\u00bbdefault\u00bb theme_builder_area=\u00bbpost_content\u00bb header_level=\u00bbh3&#8243; header_font=\u00bbAbel|700|||||||\u00bb header_text_align=\u00bbcenter\u00bb use_icon=\u00bbon\u00bb font_icon=\u00bb&#xf275;||fa||900&#8243; icon_color=\u00bb#6B6B6B\u00bb image_icon_width=\u00bb66px\u00bb hover_enabled=\u00bb0&#8243; sticky_enabled=\u00bb0&#8243; body_font_size_last_edited=\u00bbon|phone\u00bb body_font_size_phone=\u00bb10px\u00bb]<\/p>\n<p>\u2022Generaci\u00f3n de energ\u00eda el\u00e9ctrica (energ\u00eda, medio ambiente, Manufactura procesos automatizaci\u00f3n)<br \/>\u2022Petroqu\u00edmica<br \/>\u2022Qu\u00edmica<br \/>\u2022Cementera<br \/>\u2022Miner\u00eda<br \/>\u2022Metal mec\u00e1nica<br \/>\u2022Alimentos y bebidas<br \/>\u2022Automotriz<br \/>\u2022Farmac\u00e9utica<br \/>\u2022Manufactura<\/p>\n<p>[\/et_pb_blurb][\/et_pb_column][\/et_pb_row][\/et_pb_section]<\/p>\n","protected":false},"excerpt":{"rendered":"<p>\u2022Aplicaciones en residuos\u2022Tratamiento de agua\u2022Programas de reducci\u00f3n de contaminantes transporte publico\u2022Monitoreo de calidad del aire\u2022Generaci\u00f3n de energ\u00eda el\u00e9ctrica (energ\u00eda, medio ambiente, Manufactura procesos automatizaci\u00f3n)\u2022Petroqu\u00edmica\u2022Qu\u00edmica\u2022Cementera\u2022Miner\u00eda\u2022Metal mec\u00e1nica\u2022Alimentos y bebidas\u2022Automotriz\u2022Farmac\u00e9utica\u2022Manufactura<\/p>\n","protected":false},"author":1,"featured_media":0,"parent":0,"menu_order":0,"comment_status":"closed","ping_status":"closed","template":"","meta":{"_et_pb_use_builder":"on","_et_pb_old_content":"<!-- wp:divi\/placeholder \/-->","_et_gb_content_width":"","footnotes":""},"class_list":["post-71","page","type-page","status-publish","hentry"],"aioseo_notices":[],"_links":{"self":[{"href":"https:\/\/grupothera.com\/index.php\/wp-json\/wp\/v2\/pages\/71","targetHints":{"allow":["GET"]}}],"collection":[{"href":"https:\/\/grupothera.com\/index.php\/wp-json\/wp\/v2\/pages"}],"about":[{"href":"https:\/\/grupothera.com\/index.php\/wp-json\/wp\/v2\/types\/page"}],"author":[{"embeddable":true,"href":"https:\/\/grupothera.com\/index.php\/wp-json\/wp\/v2\/users\/1"}],"replies":[{"embeddable":true,"href":"https:\/\/grupothera.com\/index.php\/wp-json\/wp\/v2\/comments?post=71"}],"version-history":[{"count":3,"href":"https:\/\/grupothera.com\/index.php\/wp-json\/wp\/v2\/pages\/71\/revisions"}],"predecessor-version":[{"id":134,"href":"https:\/\/grupothera.com\/index.php\/wp-json\/wp\/v2\/pages\/71\/revisions\/134"}],"wp:attachment":[{"href":"https:\/\/grupothera.com\/index.php\/wp-json\/wp\/v2\/media?parent=71"}],"curies":[{"name":"wp","href":"https:\/\/api.w.org\/{rel}","templated":true}]}}